{"id":20257,"date":"2026-04-28T13:56:03","date_gmt":"2026-04-28T11:56:03","guid":{"rendered":"https:\/\/prelude.sk\/?post_type=product&#038;p=20257"},"modified":"2026-04-28T13:59:33","modified_gmt":"2026-04-28T11:59:33","slug":"stylingovy-workshop-by-vika-hryshko-x-maison-prelude-3-30-05-2026","status":"publish","type":"product","link":"https:\/\/prelude.sk\/en\/produkt\/stylingovy-workshop-by-vika-hryshko-x-maison-prelude-3-30-05-2026\/","title":{"rendered":"Stylingovy workshop by Vika Hryshko x maison prelude 3. (30.05.2026)"},"content":{"rendered":"<p><strong>WORKSHOP III.<\/strong><\/p>\n<p>wardrobe &amp; capsule<\/p>\n<ul>\n<li>anal\u00fdza \u0161atn\u00edka<\/li>\n<li>triedenie \u0161atn\u00edka bez stresu a bez stylistov<\/li>\n<li>kapsulov\u00fd \u0161atn\u00edk bez nudy<\/li>\n<\/ul>\n","protected":false},"excerpt":{"rendered":"<p>Kurz \u201cSta\u0148 sa svojou osobnou stylistkou\u00bb by <a class=\"x1i10hfl xjbqb8w x1ejq31n x18oe1m7 x1sy0etr xstzfhl x972fbf x10w94by x1qhh985 x14e42zd x9f619 x1ypdohk xt0psk2 x3ct3a4 xdj266r x14z9mp xat24cr x1lziwak xexx8yu xyri2b x18d9i69 x1c1uobl x16tdsg8 x1hl2dhg xggy1nq x1a2a7pz notranslate _a6hd\" tabindex=\"0\" role=\"link\" href=\"https:\/\/www.instagram.com\/vikahryshko\/\">@vikahryshko<\/a> \u2728<br \/>\nV tomto kurze \u0165a nau\u010d\u00edm prem\u00fd\u0161\u013ea\u0165 ako stylistka \u2014 prakticky, zrozumite\u013ene a s citom pre tvoju osobnos\u0165, postavu aj \u0161t\u00fdl.<br \/>\nKa\u017ed\u00fd workshop m\u00f4\u017ee fungova\u0165 samostatne, ale spolu vytv\u00e1raj\u00fa kompletn\u00fd stylingov\u00fd syst\u00e9m, ktor\u00fd ti zjednodu\u0161\u00ed rozhodovanie pri obliekan\u00ed aj nakupovan\u00ed.<br \/>\nA aby to bolo e\u0161te pr\u00edjemnej\u0161ie, v cene \u0165a \u010dak\u00e1 aj snack bar a prosecco v n\u00e1dhern\u00fdch priestoroch <a class=\"x1i10hfl xjbqb8w x1ejq31n x18oe1m7 x1sy0etr xstzfhl x972fbf x10w94by x1qhh985 x14e42zd x9f619 x1ypdohk xt0psk2 x3ct3a4 xdj266r x14z9mp xat24cr x1lziwak xexx8yu xyri2b x18d9i69 x1c1uobl x16tdsg8 x1hl2dhg xggy1nq x1a2a7pz notranslate _a6hd\" tabindex=\"0\" role=\"link\" href=\"https:\/\/www.instagram.com\/maison.prelude\/\">@maison.prelude<\/a> \u2728<br \/>\nLebo sebastylovanie m\u00e1 by\u0165 nielen u\u017eito\u010dn\u00e9, ale aj kr\u00e1sny z\u00e1\u017eitok.<\/p>\n","protected":false},"featured_media":20243,"template":"","meta":{"_acf_changed":false},"product_brand":[],"product_cat":[1759],"product_tag":[1770,1755,1758],"class_list":{"0":"post-20257","1":"product","2":"type-product","3":"status-publish","4":"has-post-thumbnail","6":"product_cat-vstupenky","7":"product_tag-colour-type","8":"product_tag-fashion","9":"product_tag-styling","11":"first","12":"instock","13":"taxable","14":"shipping-taxable","15":"purchasable","16":"product-type-simple"},"acf":[],"_links":{"self":[{"href":"https:\/\/prelude.sk\/en\/wp-json\/wp\/v2\/product\/20257","targetHints":{"allow":["GET"]}}],"collection":[{"href":"https:\/\/prelude.sk\/en\/wp-json\/wp\/v2\/product"}],"about":[{"href":"https:\/\/prelude.sk\/en\/wp-json\/wp\/v2\/types\/product"}],"version-history":[{"count":1,"href":"https:\/\/prelude.sk\/en\/wp-json\/wp\/v2\/product\/20257\/revisions"}],"predecessor-version":[{"id":20258,"href":"https:\/\/prelude.sk\/en\/wp-json\/wp\/v2\/product\/20257\/revisions\/20258"}],"wp:featuredmedia":[{"embeddable":true,"href":"https:\/\/prelude.sk\/en\/wp-json\/wp\/v2\/media\/20243"}],"wp:attachment":[{"href":"https:\/\/prelude.sk\/en\/wp-json\/wp\/v2\/media?parent=20257"}],"wp:term":[{"taxonomy":"product_brand","embeddable":true,"href":"https:\/\/prelude.sk\/en\/wp-json\/wp\/v2\/product_brand?post=20257"},{"taxonomy":"product_cat","embeddable":true,"href":"https:\/\/prelude.sk\/en\/wp-json\/wp\/v2\/product_cat?post=20257"},{"taxonomy":"product_tag","embeddable":true,"href":"https:\/\/prelude.sk\/en\/wp-json\/wp\/v2\/product_tag?post=20257"}],"curies":[{"name":"wp","href":"https:\/\/api.w.org\/{rel}","templated":true}]}}